{"id":10,"date":"2026-02-10T12:32:08","date_gmt":"2026-02-10T12:32:08","guid":{"rendered":"https:\/\/sereneki.fr\/?page_id=10"},"modified":"2026-02-12T20:31:20","modified_gmt":"2026-02-12T20:31:20","slug":"accueil","status":"publish","type":"page","link":"https:\/\/sereneki.fr\/","title":{"rendered":"Accueil"},"content":{"rendered":"\t\t<div data-elementor-type=\"wp-page\" data-elementor-id=\"10\" class=\"elementor elementor-10\">\n\t\t\t\t<div class=\"elementor-element elementor-element-518492cc e-flex e-con-boxed e-con e-parent\" data-id=\"518492cc\" data-element_type=\"container\" data-e-type=\"container\">\n\t\t\t\t\t<div class=\"e-con-inner\">\n\t\t\t\t<div class=\"elementor-element elementor-element-23400565 elementor-widget elementor-widget-text-editor\" data-id=\"23400565\" data-element_type=\"widget\" data-e-type=\"widget\" data-widget_type=\"text-editor.default\">\n\t\t\t\t\t\t\t\t\t\n<p>Bienvenue sur le site de Seren&rsquo;Eki !<\/p>\n<p data-start=\"259\" data-end=\"438\">Professionnelle passionn\u00e9e, j\u2019accompagne les chevaux et leurs propri\u00e9taires vers une relation plus harmonieuse, fond\u00e9e sur la compr\u00e9hension, le respect et la confiance.<\/p>\n<p data-start=\"440\" data-end=\"676\">Chaque comportement a une cause. Mon r\u00f4le est d\u2019identifier l\u2019origine des difficult\u00e9s rencontr\u00e9es \u2014 stress, peurs, agressivit\u00e9, incompr\u00e9hensions \u2014 afin de proposer des solutions adapt\u00e9es, durables et respectueuses du bien-\u00eatre du cheval.<\/p>\n<p data-start=\"678\" data-end=\"1028\">J\u2019interviens aupr\u00e8s des <strong data-start=\"702\" data-end=\"718\">particuliers<\/strong> comme des <strong data-start=\"756\" data-end=\"792\">professionnels du monde \u00e9questre<\/strong> \u00e0 travers des prestations personnalis\u00e9es : accompagnement comportemental, r\u00e9solution de probl\u00e9matiques sp\u00e9cifiques, conseils en gestion de l&rsquo;environnement et am\u00e9lioration du bien-\u00eatre \u00e9quin gr\u00e2ce a la phytoth\u00e9rapie.\u00a0Je peux \u00e9galement vous seconder dans votre activit\u00e9, pour des remplacements pontuels, l&rsquo;entretien de votre structure \u00e9questre, travail et soins aux chevaux.<\/p>\n<p data-start=\"1030\" data-end=\"1218\">\u00c0 travers une approche \u00e9thologique et bienveillante, je vous aide \u00e0 mieux comprendre votre cheval, \u00e0 renforcer votre communication et \u00e0 retrouver s\u00e9r\u00e9nit\u00e9 et \u00e9quilibre dans votre relation.<\/p>\n<p data-start=\"1220\" data-end=\"1267\">Parce qu\u2019un cheval \u00e9cout\u00e9 est un cheval apais\u00e9.<\/p>\n\t\t\t\t\t\t\t\t<\/div>\n\t\t\t\t\t<\/div>\n\t\t\t\t<\/div>\n\t\t<div class=\"elementor-element elementor-element-8649215 e-flex e-con-boxed e-con e-parent\" data-id=\"8649215\" data-element_type=\"container\" data-e-type=\"container\">\n\t\t\t\t\t<div class=\"e-con-inner\">\n\t\t\t\t<div class=\"elementor-element elementor-element-fccc4a5 elementor-widget elementor-widget-image\" data-id=\"fccc4a5\" data-element_type=\"widget\" data-e-type=\"widget\" data-widget_type=\"image.default\">\n\t\t\t\t\t\t\t\t\t\t\t\t\t\t\t<img fetchpriority=\"high\" decoding=\"async\" width=\"1024\" height=\"683\" src=\"https:\/\/sereneki.fr\/wp-content\/uploads\/2026\/02\/MG_0044-1024x683.jpg\" class=\"attachment-large size-large wp-image-62\" alt=\"\" srcset=\"https:\/\/sereneki.fr\/wp-content\/uploads\/2026\/02\/MG_0044-1024x683.jpg 1024w, https:\/\/sereneki.fr\/wp-content\/uploads\/2026\/02\/MG_0044-300x200.jpg 300w, https:\/\/sereneki.fr\/wp-content\/uploads\/2026\/02\/MG_0044-768x512.jpg 768w, https:\/\/sereneki.fr\/wp-content\/uploads\/2026\/02\/MG_0044-1536x1024.jpg 1536w, https:\/\/sereneki.fr\/wp-content\/uploads\/2026\/02\/MG_0044-2048x1365.jpg 2048w\" sizes=\"(max-width: 1024px) 100vw, 1024px\" \/>\t\t\t\t\t\t\t\t\t\t\t\t\t\t\t<\/div>\n\t\t\t\t<div class=\"elementor-element elementor-element-5be1a81 elementor-widget elementor-widget-text-editor\" data-id=\"5be1a81\" data-element_type=\"widget\" data-e-type=\"widget\" data-widget_type=\"text-editor.default\">\n\t\t\t\t\t\t\t\t\t<p>cr\u00e9dit photo : @ Emilia Fortannier<\/p>\t\t\t\t\t\t\t\t<\/div>\n\t\t\t\t\t<\/div>\n\t\t\t\t<\/div>\n\t\t<div class=\"elementor-element elementor-element-1278822 e-flex e-con-boxed e-con e-parent\" data-id=\"1278822\" data-element_type=\"container\" data-e-type=\"container\">\n\t\t\t\t\t<div class=\"e-con-inner\">\n\t\t\t\t<div class=\"elementor-element elementor-element-266dc6e elementor-widget elementor-widget-text-editor\" data-id=\"266dc6e\" data-element_type=\"widget\" data-e-type=\"widget\" data-widget_type=\"text-editor.default\">\n\t\t\t\t\t\t\t\t\t<h1>Missions<\/h1>\n<p><span class=\"a_GcMg font-feature-liga-off font-feature-clig-off font-feature-calt-off text-decoration-none text-strikethrough-none\">Avec Seren\u2019Eki, je souhaites favoriser la compr\u00e9hension des besoins sp\u00e9cifiques des chevaux, am\u00e9liorer les relations Homme\/Cheval et sensibiliser au bien-\u00eatre \u00e9quin. <\/span><\/p>\n<h1>\u00a0<\/h1>\n<h1>Valeurs<\/h1>\n<ul>\n<li><span class=\"a_GcMg font-feature-liga-off font-feature-clig-off font-feature-calt-off text-decoration-none text-strikethrough-none\">Respect du vivant<\/span><\/li>\n<li><span class=\"a_GcMg font-feature-liga-off font-feature-clig-off font-feature-calt-off text-decoration-none text-strikethrough-none\">Bien-\u00eatre de l\u2019animal<\/span><\/li>\n<li><span class=\"a_GcMg font-feature-liga-off font-feature-clig-off font-feature-calt-off text-decoration-none text-strikethrough-none\">Approche Holistique et Naturelle<\/span><\/li>\n<li><span class=\"a_GcMg font-feature-liga-off font-feature-clig-off font-feature-calt-off text-decoration-none text-strikethrough-none\">Ecoute des \u00e9motions Humaines<\/span><\/li>\n<li><span class=\"a_GcMg font-feature-liga-off font-feature-clig-off font-feature-calt-off text-decoration-none text-strikethrough-none\">Bienveillance<\/span><\/li>\n<li><span class=\"a_GcMg font-feature-liga-off font-feature-clig-off font-feature-calt-off text-decoration-none text-strikethrough-none\">P\u00e9dagogie<\/span><\/li>\n<\/ul>\t\t\t\t\t\t\t\t<\/div>\n\t\t\t\t\t<\/div>\n\t\t\t\t<\/div>\n\t\t\t\t<\/div>\n\t\t","protected":false},"excerpt":{"rendered":"<p>Bienvenue sur le site de Seren&rsquo;Eki ! Professionnelle passionn\u00e9e, j\u2019accompagne les chevaux et leurs propri\u00e9taires vers une relation plus harmonieuse, [&hellip;]<\/p>\n","protected":false},"author":1,"featured_media":0,"parent":0,"menu_order":0,"comment_status":"closed","ping_status":"closed","template":"","meta":{"site-sidebar-layout":"default","site-content-layout":"","ast-site-content-layout":"default","site-content-style":"default","site-sidebar-style":"default","ast-global-header-display":"","ast-banner-title-visibility":"","ast-main-header-display":"","ast-hfb-above-header-display":"","ast-hfb-below-header-display":"","ast-hfb-mobile-header-display":"","site-post-title":"","ast-breadcrumbs-content":"","ast-featured-img":"","footer-sml-layout":"","ast-disable-related-posts":"","theme-transparent-header-meta":"","adv-header-id-meta":"","stick-header-meta":"","header-above-stick-meta":"","header-main-stick-meta":"","header-below-stick-meta":"","astra-migrate-meta-layouts":"default","ast-page-background-enabled":"default","ast-page-background-meta":{"desktop":{"background-color":"var(--ast-global-color-5)","background-image":"","background-repeat":"repeat","background-position":"center center","background-size":"auto","background-attachment":"scroll","background-type":"","background-media":"","overlay-type":"","overlay-color":"","overlay-opacity":"","overlay-gradient":""},"tablet":{"background-color":"","background-image":"","background-repeat":"repeat","background-position":"center center","background-size":"auto","background-attachment":"scroll","background-type":"","background-media":"","overlay-type":"","overlay-color":"","overlay-opacity":"","overlay-gradient":""},"mobile":{"background-color":"","background-image":"","background-repeat":"repeat","background-position":"center center","background-size":"auto","background-attachment":"scroll","background-type":"","background-media":"","overlay-type":"","overlay-color":"","overlay-opacity":"","overlay-gradient":""}},"ast-content-background-meta":{"desktop":{"background-color":"var(--ast-global-color-4)","background-image":"","background-repeat":"repeat","background-position":"center center","background-size":"auto","background-attachment":"scroll","background-type":"","background-media":"","overlay-type":"","overlay-color":"","overlay-opacity":"","overlay-gradient":""},"tablet":{"background-color":"var(--ast-global-color-4)","background-image":"","background-repeat":"repeat","background-position":"center center","background-size":"auto","background-attachment":"scroll","background-type":"","background-media":"","overlay-type":"","overlay-color":"","overlay-opacity":"","overlay-gradient":""},"mobile":{"background-color":"var(--ast-global-color-4)","background-image":"","background-repeat":"repeat","background-position":"center center","background-size":"auto","background-attachment":"scroll","background-type":"","background-media":"","overlay-type":"","overlay-color":"","overlay-opacity":"","overlay-gradient":""}},"footnotes":""},"class_list":["post-10","page","type-page","status-publish","hentry"],"_links":{"self":[{"href":"https:\/\/sereneki.fr\/index.php?rest_route=\/wp\/v2\/pages\/10","targetHints":{"allow":["GET"]}}],"collection":[{"href":"https:\/\/sereneki.fr\/index.php?rest_route=\/wp\/v2\/pages"}],"about":[{"href":"https:\/\/sereneki.fr\/index.php?rest_route=\/wp\/v2\/types\/page"}],"author":[{"embeddable":true,"href":"https:\/\/sereneki.fr\/index.php?rest_route=\/wp\/v2\/users\/1"}],"replies":[{"embeddable":true,"href":"https:\/\/sereneki.fr\/index.php?rest_route=%2Fwp%2Fv2%2Fcomments&post=10"}],"version-history":[{"count":12,"href":"https:\/\/sereneki.fr\/index.php?rest_route=\/wp\/v2\/pages\/10\/revisions"}],"predecessor-version":[{"id":99,"href":"https:\/\/sereneki.fr\/index.php?rest_route=\/wp\/v2\/pages\/10\/revisions\/99"}],"wp:attachment":[{"href":"https:\/\/sereneki.fr\/index.php?rest_route=%2Fwp%2Fv2%2Fmedia&parent=10"}],"curies":[{"name":"wp","href":"https:\/\/api.w.org\/{rel}","templated":true}]}}