{"id":170,"date":"2026-03-16T12:32:13","date_gmt":"2026-03-16T12:32:13","guid":{"rendered":"https:\/\/sereneki.fr\/?page_id=170"},"modified":"2026-03-27T15:06:45","modified_gmt":"2026-03-27T15:06:45","slug":"conditions-generales-de-vente","status":"publish","type":"page","link":"https:\/\/sereneki.fr\/?page_id=170","title":{"rendered":"Conditions g\u00e9n\u00e9rales de Vente"},"content":{"rendered":"\t\t<div data-elementor-type=\"wp-page\" data-elementor-id=\"170\" class=\"elementor elementor-170\">\n\t\t\t\t<div class=\"elementor-element elementor-element-977d5e0 e-flex e-con-boxed e-con e-parent\" data-id=\"977d5e0\" data-element_type=\"container\" data-e-type=\"container\">\n\t\t\t\t\t<div class=\"e-con-inner\">\n\t\t\t\t<div class=\"elementor-element elementor-element-7809025 elementor-widget elementor-widget-text-editor\" data-id=\"7809025\" data-element_type=\"widget\" data-e-type=\"widget\" data-widget_type=\"text-editor.default\">\n\t\t\t\t\t\t\t\t\t<p><em>Derni\u00e8re mise \u00e0 jour le 01\/03\/2026<\/em><\/p><p><strong><u>1 &#8211; Information g\u00e9n\u00e9rale\u00a0<\/u><\/strong><\/p><p>SEREN\u2019EKI est une micro-entreprise au nom de COLLET MANON EI, au r\u00e9gime micro-fiscal, micro-social.<\/p><ul><li>6 impasse de la pi\u00e8ce Chauveau 49430 Les Rairies<\/li><li>N\u00b0 de SIRET\u00a0: 840 670 756 00039<\/li><li>06.62.19.97.35<\/li><\/ul><p><strong><u>2 &#8211; Champ d&rsquo;application<\/u><\/strong><\/p><p><em>Nature de la prestation\u00a0<\/em>: Services ponctuels d\u2019aide aux professionnels ou particulier du domaine \u00e9quin et prestation de Comportementaliste \u00e9quin visant \u00e0 comprendre et modifier le comportement du cheval.<\/p><p><em>Contenu<\/em>\u00a0: Prestations de service \u00e0 d\u00e9terminer en fonction du besoin du client (gardiennage, soins aux chevaux, remplacement au sein d\u2019\u00e9curie, sortie et travail des chevaux, nourrissage\u2026)<\/p><p><em>Modalit\u00e9s<\/em>\u00a0: Service en pr\u00e9sentiel sur rendez-vous dans les d\u00e9partements 49 et 72.<\/p><p><em>Dur\u00e9e indicative<\/em>\u00a0:<\/p><ul><li>Prestation de services\u00a0: Tarif \u00e0 l\u2019heure, prestation ponctuelle ou r\u00e9guli\u00e8re.<\/li><li>Comportementaliste : fbilan comportemental environ 2H, s\u00e9ance de suivi environ 1H\/1H15.<\/li><\/ul><p><em>Public concern\u00e9<\/em>\u00a0:<\/p><ul><li>Prestation de services\u00a0: G\u00e9rant d\u2019\u00e9curie ayant des besoins de remplacement ou d\u2019extra, ou particuliers propri\u00e9taire de chevaux ayant des besoins de garde pour leur chevaux ou d\u2019aide ponctuelle pour les soins, les sorties ou le travail de leurs chevaux.<\/li><li>Comportementaliste\u00a0: Propri\u00e9taire de cheval ayant une probl\u00e9matique particuli\u00e8re ou\/et un besoin d\u2019accompagnement dans l\u2019\u00e9ducation de leur cheval.<\/li><\/ul><p><em>Limite de la prestation<\/em>\u00a0: SEREN\u2019EKI n\u2019assure aucune garantie de r\u00e9sultat mais une obligation de moyens. Les conseils donn\u00e9s par SEREN\u2019EKI ne se substitue pas \u00e0 un avis v\u00e9t\u00e9rinaire et ne remplace pas un diagnostic. SEREN\u2019EKI n\u2019enseigne pas l\u2019\u00e9quitation.<\/p><p><strong><u>3 &#8211; Prix et bar\u00e8me de prix<\/u><\/strong><\/p><p>Les tarifs des prestations sont indiqu\u00e9s en Euros TTC, TVA non applicable, art. 293B du CGI. Les prix varient en fonction de la nature et de la dur\u00e9e de la prestation. Les tarifs d\u00e9taill\u00e9s et actualis\u00e9s sont disponible sur le site internet (lien) ou sur simple demande.<\/p><p>Chaque prestation fait l\u2019objet d\u2019un devis personnalis\u00e9 pr\u00e9cisant le prix total, les frais de d\u00e9placement et les conditions de paiement.<\/p><p><strong><u>4 &#8211; Modalit\u00e9s de paiement<\/u><\/strong><\/p><p>Le paiement des prestations est possible par ch\u00e8que, par virement bancaire ou en esp\u00e8ces.<\/p><p>Les prestations sont planifi\u00e9es par rendez-vous, le client est inform\u00e9 du d\u00e9lai pr\u00e9visionnel avant validation du rendez-vous.<\/p><p>En raison de la nature des prestations, r\u00e9alis\u00e9es avec des \u00eatres vivants, l\u2019entreprise ne peut garantir un d\u00e9lai pr\u00e9cis ou un r\u00e9sultat d\u00e9termin\u00e9. Les d\u00e9lais d\u2019\u00e9volution et de progression peuvent varier selon l\u2019animal, les conditions ext\u00e9rieures et le niveau d\u2019engagement de son humain.<\/p><p>Le paiement est exigible au comptant le jour de la r\u00e9alisation de la prestation ou dans un d\u00e9lai de 30 jours \u00e0 compter de la r\u00e9ception de la facture.<\/p><p><strong><u>5 &#8211; P\u00e9nalit\u00e9s de retard<\/u><\/strong><\/p><p>En cas de retard de paiement, pour les particuliers, des p\u00e9nalit\u00e9s de 1\u20ac\/jour de retard seront appliqu\u00e9es \u00e0 compter du lendemain de la date d\u2019\u00e9ch\u00e9ance sur la facture.<\/p><p>Pour les clients professionnels, des p\u00e9nalit\u00e9s calcul\u00e9es au taux de 15%, sup\u00e9rieur aux taux minimum l\u00e9gal en vigueur seront appliqu\u00e9es \u00e0 compter du jour suivant la date d\u2019\u00e9ch\u00e9ance de la facture. Tout retard de paiement entre professionnels entraine l\u2019application d\u2019une indemnit\u00e9 forfaitaire de 40\u20ac pour frais de recouvrement, conform\u00e9ment \u00e0 l\u2019article L441-10 du code du Commerce.<\/p><p><strong><u>6 &#8211; Garanties commerciales<\/u><\/strong><\/p><p>Travaillant avec des chevaux, l\u2019entreprise SEREN\u2019EKI ne peut garantir un r\u00e9sultat pr\u00e9cis. Elle s\u2019engage, par obligation de moyens, \u00e0 mettre en \u0153uvre son expertise et tous les moyens raisonnables \u00e0 sa disposition pour accompagner le client vers les objectifs d\u00e9finis ensemble. Les r\u00e9sultats d\u00e9pendent de l\u2019engagement du client \u00e0 appliquer les conseils et les exercices propos\u00e9s. \u00a0<\/p><p><strong><u>7 &#8211; Assurance et responsabilit\u00e9\u00a0<\/u><\/strong><\/p><p>SEREN\u2019EKI est couvert par une assurance Responsabilit\u00e9 Civile Professionnelle aupr\u00e8s de l\u2019organisme GENERALI sous le num\u00e9ro de contrat AU902490. L\u2019assurance couvre les d\u00e9g\u00e2ts et dommages au tiers lors de la prestation.<\/p><p><strong><u>8 &#8211; Condition d&rsquo;annulation et de report<\/u><\/strong><\/p><p>Toute annulation moins de 48H \u00e0 l\u2019avance en l\u2019absence de motif valable pourra donner lieu a une facturation partielle de 30% de la prestation.<\/p><p>En cas de retard de plus de 30 minutes, la s\u00e9ance pourra \u00eatre annul\u00e9e et due \u00e0 hauteur de 50% du prix de la prestation.<\/p><p>Les s\u00e9ances peuvent \u00eatre report\u00e9es sur demande de l\u2019une des deux parties en raison de la m\u00e9t\u00e9o, de l\u2019\u00e9tat de sant\u00e9 de l\u2019animal ou tout autre motif imp\u00e9rieux.<\/p><p>9 <strong><u>\u2013Exactitude des informations transmises<\/u><\/strong><\/p><p>Le propri\u00e9taire s\u2019engage \u00e0 transmettre toutes les informations n\u00e9cessaires et exactes sur l\u2019\u00e9tat de sant\u00e9 et le comportement de son cheval. Le client atteste \u00e9galement que le cheval est \u00e0 jour de ses obligations sanitaires (vaccination et identification) et exempte de maladie contagieuse et\/ou transmissible \u00e0 l\u2019humain.<\/p><p>\u00a0L\u2019entreprise se r\u00e9serve le droit de refuser ou d\u2019interrompre la prestation si l\u2019animal pr\u00e9sente un danger pour lui-m\u00eame, le personnel, le client ou tout autre animal pr\u00e9sent.<\/p><p><strong><u>10 &#8211; Litiges<\/u><\/strong><\/p><p>Les pr\u00e9sentes CGV sont r\u00e9gies par le droit fran\u00e7ais. En cas de litige, le client pourra saisir le tribunal judiciaire comp\u00e9tent selon les r\u00e8gles du Code de proc\u00e9dure Civile, notamment le tribunal de son domicile ou celui du lieu d\u2019ex\u00e9cution de la prestation.<\/p><p><strong><u>11 \u2013 Droit \u00e0 l\u2019image<\/u><\/strong><\/p><p>L\u2019utilisation d\u2019image de MANON COLLET, repr\u00e9sentant l\u2019entreprise SEREN\u2019EKI prises pendant les prestations ne pourront \u00eatre utilis\u00e9es sans son consentement express. De m\u00eame, le contenu diffus\u00e9 sur le site internet, les r\u00e9seaux sociaux, les supports p\u00e9dagogiques ainsi que les Logos et la charte graphique sont la propri\u00e9t\u00e9 exclusive de l\u2019entreprise.<\/p><p><strong><u>12 \u2013 Conservation des donn\u00e9es (RGPD)<\/u><\/strong><\/p><p>Les donn\u00e9es personnelles collect\u00e9es sont n\u00e9cessaires \u00e0 la gestion des prestations et sont exclusivement utilis\u00e9es \u00e0 ces fins. Conform\u00e9ment \u00e0 la r\u00e9glementation en vigueur, le client dispose d\u2019un droit d\u2019acc\u00e8s, de rectification et de suppression.<\/p>\t\t\t\t\t\t\t\t<\/div>\n\t\t\t\t\t<\/div>\n\t\t\t\t<\/div>\n\t\t\t\t<\/div>\n\t\t","protected":false},"excerpt":{"rendered":"<p>Derni\u00e8re mise \u00e0 jour le 01\/03\/2026 1 &#8211; Information g\u00e9n\u00e9rale\u00a0 SEREN\u2019EKI est une micro-entreprise au nom de COLLET MANON EI, [&hellip;]<\/p>\n","protected":false},"author":1,"featured_media":0,"parent":0,"menu_order":0,"comment_status":"closed","ping_status":"closed","template":"","meta":{"site-sidebar-layout":"no-sidebar","site-content-layout":"","ast-site-content-layout":"full-width-container","site-content-style":"default","site-sidebar-style":"default","ast-global-header-display":"","ast-banner-title-visibility":"","ast-main-header-display":"","ast-hfb-above-header-display":"","ast-hfb-below-header-display":"","ast-hfb-mobile-header-display":"","site-post-title":"","ast-breadcrumbs-content":"","ast-featured-img":"disabled","footer-sml-layout":"","ast-disable-related-posts":"","theme-transparent-header-meta":"","adv-header-id-meta":"","stick-header-meta":"","header-above-stick-meta":"","header-main-stick-meta":"","header-below-stick-meta":"","astra-migrate-meta-layouts":"default","ast-page-background-enabled":"default","ast-page-background-meta":{"desktop":{"background-color":"var(--ast-global-color-5)","background-image":"","background-repeat":"repeat","background-position":"center center","background-size":"auto","background-attachment":"scroll","background-type":"","background-media":"","overlay-type":"","overlay-color":"","overlay-opacity":"","overlay-gradient":""},"tablet":{"background-color":"","background-image":"","background-repeat":"repeat","background-position":"center center","background-size":"auto","background-attachment":"scroll","background-type":"","background-media":"","overlay-type":"","overlay-color":"","overlay-opacity":"","overlay-gradient":""},"mobile":{"background-color":"","background-image":"","background-repeat":"repeat","background-position":"center center","background-size":"auto","background-attachment":"scroll","background-type":"","background-media":"","overlay-type":"","overlay-color":"","overlay-opacity":"","overlay-gradient":""}},"ast-content-background-meta":{"desktop":{"background-color":"var(--ast-global-color-4)","background-image":"","background-repeat":"repeat","background-position":"center center","background-size":"auto","background-attachment":"scroll","background-type":"","background-media":"","overlay-type":"","overlay-color":"","overlay-opacity":"","overlay-gradient":""},"tablet":{"background-color":"var(--ast-global-color-4)","background-image":"","background-repeat":"repeat","background-position":"center center","background-size":"auto","background-attachment":"scroll","background-type":"","background-media":"","overlay-type":"","overlay-color":"","overlay-opacity":"","overlay-gradient":""},"mobile":{"background-color":"var(--ast-global-color-4)","background-image":"","background-repeat":"repeat","background-position":"center center","background-size":"auto","background-attachment":"scroll","background-type":"","background-media":"","overlay-type":"","overlay-color":"","overlay-opacity":"","overlay-gradient":""}},"footnotes":""},"class_list":["post-170","page","type-page","status-publish","hentry"],"_links":{"self":[{"href":"https:\/\/sereneki.fr\/index.php?rest_route=\/wp\/v2\/pages\/170","targetHints":{"allow":["GET"]}}],"collection":[{"href":"https:\/\/sereneki.fr\/index.php?rest_route=\/wp\/v2\/pages"}],"about":[{"href":"https:\/\/sereneki.fr\/index.php?rest_route=\/wp\/v2\/types\/page"}],"author":[{"embeddable":true,"href":"https:\/\/sereneki.fr\/index.php?rest_route=\/wp\/v2\/users\/1"}],"replies":[{"embeddable":true,"href":"https:\/\/sereneki.fr\/index.php?rest_route=%2Fwp%2Fv2%2Fcomments&post=170"}],"version-history":[{"count":14,"href":"https:\/\/sereneki.fr\/index.php?rest_route=\/wp\/v2\/pages\/170\/revisions"}],"predecessor-version":[{"id":195,"href":"https:\/\/sereneki.fr\/index.php?rest_route=\/wp\/v2\/pages\/170\/revisions\/195"}],"wp:attachment":[{"href":"https:\/\/sereneki.fr\/index.php?rest_route=%2Fwp%2Fv2%2Fmedia&parent=170"}],"curies":[{"name":"wp","href":"https:\/\/api.w.org\/{rel}","templated":true}]}}