{"id":36,"date":"2026-02-11T12:55:17","date_gmt":"2026-02-11T12:55:17","guid":{"rendered":"https:\/\/sereneki.fr\/?page_id=36"},"modified":"2026-04-08T12:55:13","modified_gmt":"2026-04-08T12:55:13","slug":"mes-prestations","status":"publish","type":"page","link":"https:\/\/sereneki.fr\/?page_id=36","title":{"rendered":"Mes prestations"},"content":{"rendered":"\t\t<div data-elementor-type=\"wp-page\" data-elementor-id=\"36\" class=\"elementor elementor-36\">\n\t\t\t\t<div class=\"elementor-element elementor-element-5bbeb42 e-flex e-con-boxed e-con e-parent\" data-id=\"5bbeb42\" data-element_type=\"container\" data-e-type=\"container\">\n\t\t\t\t\t<div class=\"e-con-inner\">\n\t\t\t\t<div class=\"elementor-element elementor-element-0498f37 elementor-widget elementor-widget-text-editor\" data-id=\"0498f37\" data-element_type=\"widget\" data-e-type=\"widget\" data-widget_type=\"text-editor.default\">\n\t\t\t\t\t\t\t\t\t<p>cr\u00e9dit photo : @ Emilia Fortannier<\/p>\t\t\t\t\t\t\t\t<\/div>\n\t\t\t\t<div class=\"elementor-element elementor-element-3a212bb elementor-position-top elementor-widget elementor-widget-image-box\" data-id=\"3a212bb\" data-element_type=\"widget\" data-e-type=\"widget\" data-widget_type=\"image-box.default\">\n\t\t\t\t\t<div class=\"elementor-image-box-wrapper\"><figure class=\"elementor-image-box-img\"><img fetchpriority=\"high\" decoding=\"async\" width=\"1707\" height=\"2560\" src=\"https:\/\/sereneki.fr\/wp-content\/uploads\/2026\/02\/MG_04021-scaled.jpg\" class=\"attachment-full size-full wp-image-109\" alt=\"\" srcset=\"https:\/\/sereneki.fr\/wp-content\/uploads\/2026\/02\/MG_04021-scaled.jpg 1707w, https:\/\/sereneki.fr\/wp-content\/uploads\/2026\/02\/MG_04021-200x300.jpg 200w, https:\/\/sereneki.fr\/wp-content\/uploads\/2026\/02\/MG_04021-683x1024.jpg 683w, https:\/\/sereneki.fr\/wp-content\/uploads\/2026\/02\/MG_04021-768x1152.jpg 768w, https:\/\/sereneki.fr\/wp-content\/uploads\/2026\/02\/MG_04021-1024x1536.jpg 1024w, https:\/\/sereneki.fr\/wp-content\/uploads\/2026\/02\/MG_04021-1365x2048.jpg 1365w\" sizes=\"(max-width: 1707px) 100vw, 1707px\" \/><\/figure><div class=\"elementor-image-box-content\"><h3 class=\"elementor-image-box-title\">Prestations de services<\/h3><p class=\"elementor-image-box-description\">\n\n<\/p><\/div><\/div>\t\t\t\t<\/div>\n\t\t\t\t<div class=\"elementor-element elementor-element-9c2ac26 elementor-widget elementor-widget-text-editor\" data-id=\"9c2ac26\" data-element_type=\"widget\" data-e-type=\"widget\" data-widget_type=\"text-editor.default\">\n\t\t\t\t\t\t\t\t\t<p>Tout types de prestation pour votre \u00e9curie (client professionnel) ou a votre domicile (client particulier) :\u00a0<\/p><ul><li>gardiennage de vos animaux durant votre absence<\/li><li>soins\/nourrissage de vos chevaux<\/li><li>travail du cheval \u00e0 pied, en longe, mont\u00e9 ou travail \u00e0 l&rsquo;\u00e9paule<\/li><li>s\u00e9ance de coaching avec votre cheval pour am\u00e9liorer votre travail \u00e0 pied, communication, compr\u00e9hension, travail \u00e0 l&rsquo;\u00e9paule&#8230;<\/li><\/ul>\t\t\t\t\t\t\t\t<\/div>\n\t\t\t\t<div class=\"elementor-element elementor-element-1adb5da elementor-widget elementor-widget-text-editor\" data-id=\"1adb5da\" data-element_type=\"widget\" data-e-type=\"widget\" data-widget_type=\"text-editor.default\">\n\t\t\t\t\t\t\t\t\t<p>25\u20ac \/ Heure<\/p><p>+<\/p><p>frais kilom\u00e9trique en plus*<\/p>\t\t\t\t\t\t\t\t<\/div>\n\t\t\t\t<div class=\"elementor-element elementor-element-bea5c67 elementor-widget-divider--view-line elementor-widget elementor-widget-divider\" data-id=\"bea5c67\" data-element_type=\"widget\" data-e-type=\"widget\" data-widget_type=\"divider.default\">\n\t\t\t\t\t\t\t<div class=\"elementor-divider\">\n\t\t\t<span class=\"elementor-divider-separator\">\n\t\t\t\t\t\t<\/span>\n\t\t<\/div>\n\t\t\t\t\t\t<\/div>\n\t\t\t\t<div class=\"elementor-element elementor-element-1cd36c8 elementor-widget elementor-widget-text-editor\" data-id=\"1cd36c8\" data-element_type=\"widget\" data-e-type=\"widget\" data-widget_type=\"text-editor.default\">\n\t\t\t\t\t\t\t\t\t<p>cr\u00e9dit photo : @ Emilia Fortannier<\/p>\t\t\t\t\t\t\t\t<\/div>\n\t\t\t\t<div class=\"elementor-element elementor-element-018bcb6 elementor-position-top elementor-widget elementor-widget-image-box\" data-id=\"018bcb6\" data-element_type=\"widget\" data-e-type=\"widget\" data-widget_type=\"image-box.default\">\n\t\t\t\t\t<div class=\"elementor-image-box-wrapper\"><figure class=\"elementor-image-box-img\"><img decoding=\"async\" width=\"1707\" height=\"2560\" src=\"https:\/\/sereneki.fr\/wp-content\/uploads\/2026\/02\/MG_0077-scaled.jpg\" class=\"attachment-full size-full wp-image-107\" alt=\"\" srcset=\"https:\/\/sereneki.fr\/wp-content\/uploads\/2026\/02\/MG_0077-scaled.jpg 1707w, https:\/\/sereneki.fr\/wp-content\/uploads\/2026\/02\/MG_0077-200x300.jpg 200w, https:\/\/sereneki.fr\/wp-content\/uploads\/2026\/02\/MG_0077-683x1024.jpg 683w, https:\/\/sereneki.fr\/wp-content\/uploads\/2026\/02\/MG_0077-768x1152.jpg 768w, https:\/\/sereneki.fr\/wp-content\/uploads\/2026\/02\/MG_0077-1024x1536.jpg 1024w, https:\/\/sereneki.fr\/wp-content\/uploads\/2026\/02\/MG_0077-1365x2048.jpg 1365w\" sizes=\"(max-width: 1707px) 100vw, 1707px\" \/><\/figure><div class=\"elementor-image-box-content\"><h3 class=\"elementor-image-box-title\">Comportementaliste \u00e9quin<\/h3><p class=\"elementor-image-box-description\">\n\n\n\n<\/p><\/div><\/div>\t\t\t\t<\/div>\n\t\t\t\t<div class=\"elementor-element elementor-element-48f1f09 elementor-widget elementor-widget-text-editor\" data-id=\"48f1f09\" data-element_type=\"widget\" data-e-type=\"widget\" data-widget_type=\"text-editor.default\">\n\t\t\t\t\t\t\t\t\t<p><strong>Bilan comportemental<\/strong> : 70\u20ac (2h\/2H30 environ)<\/p><p><em><span style=\"text-decoration: underline;\">Forfait d\u2019accompagnement\u00a0<\/span><\/em><\/p><p>Les forfaits vous permettent de progresser en douceur et dans le respect du rythme de votre cheval . Cette prestation vous permet de voir une vraie \u00e9volution de communication, de relation et de r\u00e9solution de probl\u00e8me (s&rsquo;il y en a) avec votre cheval. Je vous propose toujours un appel gratuit en amont pour \u00e9valuer votre besoin, vos objectifs et vos souhaits. Il peut \u00eatre n\u00e9cessaire voire indispensable dans certains cas de faire en premier lieu, un bilan Comportemental pour comprendre la probl\u00e9matique ou les besoins du couple Cheval\/Cavalier.<\/p><ul><li><strong>Accompagnement Essentiel : 90\u20ac\/mois<\/strong><\/li><\/ul><p>2 s\u00e9ance\/ mois + accompagnement WHATSAPP + support \u00e9crit<\/p><p><strong>Accompagnement S\u00e9r\u00e9nit\u00e9 : 130\u20ac\/mois<\/strong><\/p><p>3 s\u00e9ances\/mois accompagnement WHATSAPP + support \u00e9crit<\/p><p><strong>Accompagnement S\u00e9r\u00e9nit\u00e9 + : 170\u20ac\/mois<\/strong><\/p><p>1 s\u00e9ance\/semaine + accompagnement WHATSAPP + support \u00e9crit<\/p><p><em>Frais kilom\u00e9triques en plus*<\/em><\/p>\t\t\t\t\t\t\t\t<\/div>\n\t\t\t\t<div class=\"elementor-element elementor-element-24c0f62 elementor-widget-divider--view-line elementor-widget elementor-widget-divider\" data-id=\"24c0f62\" data-element_type=\"widget\" data-e-type=\"widget\" data-widget_type=\"divider.default\">\n\t\t\t\t\t\t\t<div class=\"elementor-divider\">\n\t\t\t<span class=\"elementor-divider-separator\">\n\t\t\t\t\t\t<\/span>\n\t\t<\/div>\n\t\t\t\t\t\t<\/div>\n\t\t\t\t<div class=\"elementor-element elementor-element-f1f6f64 elementor-widget elementor-widget-text-editor\" data-id=\"f1f6f64\" data-element_type=\"widget\" data-e-type=\"widget\" data-widget_type=\"text-editor.default\">\n\t\t\t\t\t\t\t\t\t<p>cr\u00e9dit photo : @ Emilia Fortannier<\/p>\t\t\t\t\t\t\t\t<\/div>\n\t\t\t\t<div class=\"elementor-element elementor-element-b4cd67e elementor-position-top elementor-widget elementor-widget-image-box\" data-id=\"b4cd67e\" data-element_type=\"widget\" data-e-type=\"widget\" data-widget_type=\"image-box.default\">\n\t\t\t\t\t<div class=\"elementor-image-box-wrapper\"><figure class=\"elementor-image-box-img\"><img decoding=\"async\" width=\"1707\" height=\"2560\" src=\"https:\/\/sereneki.fr\/wp-content\/uploads\/2026\/02\/MG_0082-scaled.jpg\" class=\"attachment-full size-full wp-image-108\" alt=\"\" srcset=\"https:\/\/sereneki.fr\/wp-content\/uploads\/2026\/02\/MG_0082-scaled.jpg 1707w, https:\/\/sereneki.fr\/wp-content\/uploads\/2026\/02\/MG_0082-200x300.jpg 200w, https:\/\/sereneki.fr\/wp-content\/uploads\/2026\/02\/MG_0082-683x1024.jpg 683w, https:\/\/sereneki.fr\/wp-content\/uploads\/2026\/02\/MG_0082-768x1152.jpg 768w, https:\/\/sereneki.fr\/wp-content\/uploads\/2026\/02\/MG_0082-1024x1536.jpg 1024w, https:\/\/sereneki.fr\/wp-content\/uploads\/2026\/02\/MG_0082-1365x2048.jpg 1365w\" sizes=\"(max-width: 1707px) 100vw, 1707px\" \/><\/figure><div class=\"elementor-image-box-content\"><h3 class=\"elementor-image-box-title\">Pension Education \/ D\u00e9bourrage <\/h3><p class=\"elementor-image-box-description\">Je vous propose de prendre en pension votre cheval dans mon \u00e9curie priv\u00e9e pour travailler de mani\u00e8re plus approfondie des probl\u00e9matiques de comportement, des besoins \u00e9ducatifs particuliers ou pour le d\u00e9bourrage de votre jeune cheval.<br><br><b>490\u20ac\/mois\n\n<\/b>\n<\/p><\/div><\/div>\t\t\t\t<\/div>\n\t\t\t\t<div class=\"elementor-element elementor-element-42966f1 elementor-widget elementor-widget-text-editor\" data-id=\"42966f1\" data-element_type=\"widget\" data-e-type=\"widget\" data-widget_type=\"text-editor.default\">\n\t\t\t\t\t\t\t\t\t<p><strong><span style=\"text-decoration: underline;\">La pension comprend :<\/span><\/strong> <br \/>&#8211; h\u00e9bergement du cheval en box la nuit et pr\u00e9 la journ\u00e9e<br \/>&#8211; sortie et soins 7j\/7<br \/>&#8211; Nourriture adapt\u00e9 a chaque cheval<br \/>&#8211; du foin (fait par nos soins) \u00e0 volont\u00e9 <br \/>&#8211; une surveillance rigoureuse et un environnement s\u00e9curis\u00e9<br \/>&#8211; travail du cheval 5 jours\/semaine, objectif et besoins a d\u00e9finir ensemble<\/p>\t\t\t\t\t\t\t\t<\/div>\n\t\t\t\t<div class=\"elementor-element elementor-element-4f73679 elementor-widget elementor-widget-text-editor\" data-id=\"4f73679\" data-element_type=\"widget\" data-e-type=\"widget\" data-widget_type=\"text-editor.default\">\n\t\t\t\t\t\t\t\t\t<p><span style=\"text-decoration: underline;\"><strong>L e tarif ne comprend pas :<\/strong><\/span> <br \/>&#8211; les frais de sant\u00e9 du cheval (vaccins, vermifuge, mar\u00e9chalerie &#8230;)<br \/>&#8211; les \u00e9ventuels compl\u00e9ments ou m\u00e9dicaments du cheval<br \/>&#8211; le mat\u00e9riel du cheval qui doit \u00eatre fourni par le propri\u00e9taire<br \/>&#8211; le transport du cheval<\/p>\t\t\t\t\t\t\t\t<\/div>\n\t\t\t\t<div class=\"elementor-element elementor-element-cfda4a3 elementor-widget elementor-widget-text-editor\" data-id=\"cfda4a3\" data-element_type=\"widget\" data-e-type=\"widget\" data-widget_type=\"text-editor.default\">\n\t\t\t\t\t\t\t\t\t<p>\u00a0<\/p><p>Cette formule est une prestation premium, je prends un seul cheval au travail dans mon \u00e9curie, pour pouvoir me consacrer pleinement a lui et ses apprentissages. Je privil\u00e9gie un travail dans le respect du rythme du cheval, en \u00e9tant vigilante \u00e0 ses \u00e9motions et ses limites.<\/p><p><strong>Pour tous les contrats 2026, je propose un tarif de lancement de la pension travail au tarif de 390\u20ac\/mois au lieu de 490\u20ac !<\/strong><\/p>\t\t\t\t\t\t\t\t<\/div>\n\t\t\t\t<div class=\"elementor-element elementor-element-9a8ba60 elementor-widget-divider--view-line elementor-widget elementor-widget-divider\" data-id=\"9a8ba60\" data-element_type=\"widget\" data-e-type=\"widget\" data-widget_type=\"divider.default\">\n\t\t\t\t\t\t\t<div class=\"elementor-divider\">\n\t\t\t<span class=\"elementor-divider-separator\">\n\t\t\t\t\t\t<\/span>\n\t\t<\/div>\n\t\t\t\t\t\t<\/div>\n\t\t\t\t<div class=\"elementor-element elementor-element-c8ac5df elementor-widget elementor-widget-text-editor\" data-id=\"c8ac5df\" data-element_type=\"widget\" data-e-type=\"widget\" data-widget_type=\"text-editor.default\">\n\t\t\t\t\t\t\t\t\t<p><span style=\"text-decoration: underline;\">*Forfait kilom\u00e9triques<\/span> : (au d\u00e9part des Rairies)<\/p><p><strong>0 \u00e0 15 kms<\/strong> : sans suppl\u00e9ment<br \/><strong>15 \u00e0 30 Kms<\/strong> : 10 \u20ac de suppl\u00e9ment<br \/><strong>30 \u00e0 50 kms<\/strong> : 20 \u20ac de suppl\u00e9ment<br \/><strong>au del\u00e0 de 50kms<\/strong> : sur devis<\/p>\t\t\t\t\t\t\t\t<\/div>\n\t\t\t\t\t<\/div>\n\t\t\t\t<\/div>\n\t\t\t\t<\/div>\n\t\t","protected":false},"excerpt":{"rendered":"<p>cr\u00e9dit photo : @ Emilia Fortannier Prestations de services Tout types de prestation pour votre \u00e9curie (client professionnel) ou a [&hellip;]<\/p>\n","protected":false},"author":1,"featured_media":0,"parent":0,"menu_order":0,"comment_status":"closed","ping_status":"closed","template":"","meta":{"site-sidebar-layout":"no-sidebar","site-content-layout":"","ast-site-content-layout":"full-width-container","site-content-style":"default","site-sidebar-style":"default","ast-global-header-display":"","ast-banner-title-visibility":"","ast-main-header-display":"","ast-hfb-above-header-display":"","ast-hfb-below-header-display":"","ast-hfb-mobile-header-display":"","site-post-title":"","ast-breadcrumbs-content":"","ast-featured-img":"disabled","footer-sml-layout":"","ast-disable-related-posts":"","theme-transparent-header-meta":"","adv-header-id-meta":"","stick-header-meta":"","header-above-stick-meta":"","header-main-stick-meta":"","header-below-stick-meta":"","astra-migrate-meta-layouts":"default","ast-page-background-enabled":"default","ast-page-background-meta":{"desktop":{"background-color":"var(--ast-global-color-5)","background-image":"","background-repeat":"repeat","background-position":"center center","background-size":"auto","background-attachment":"scroll","background-type":"","background-media":"","overlay-type":"","overlay-color":"","overlay-opacity":"","overlay-gradient":""},"tablet":{"background-color":"","background-image":"","background-repeat":"repeat","background-position":"center center","background-size":"auto","background-attachment":"scroll","background-type":"","background-media":"","overlay-type":"","overlay-color":"","overlay-opacity":"","overlay-gradient":""},"mobile":{"background-color":"","background-image":"","background-repeat":"repeat","background-position":"center center","background-size":"auto","background-attachment":"scroll","background-type":"","background-media":"","overlay-type":"","overlay-color":"","overlay-opacity":"","overlay-gradient":""}},"ast-content-background-meta":{"desktop":{"background-color":"var(--ast-global-color-4)","background-image":"","background-repeat":"repeat","background-position":"center center","background-size":"auto","background-attachment":"scroll","background-type":"","background-media":"","overlay-type":"","overlay-color":"","overlay-opacity":"","overlay-gradient":""},"tablet":{"background-color":"var(--ast-global-color-4)","background-image":"","background-repeat":"repeat","background-position":"center center","background-size":"auto","background-attachment":"scroll","background-type":"","background-media":"","overlay-type":"","overlay-color":"","overlay-opacity":"","overlay-gradient":""},"mobile":{"background-color":"var(--ast-global-color-4)","background-image":"","background-repeat":"repeat","background-position":"center center","background-size":"auto","background-attachment":"scroll","background-type":"","background-media":"","overlay-type":"","overlay-color":"","overlay-opacity":"","overlay-gradient":""}},"footnotes":""},"class_list":["post-36","page","type-page","status-publish","hentry"],"_links":{"self":[{"href":"https:\/\/sereneki.fr\/index.php?rest_route=\/wp\/v2\/pages\/36","targetHints":{"allow":["GET"]}}],"collection":[{"href":"https:\/\/sereneki.fr\/index.php?rest_route=\/wp\/v2\/pages"}],"about":[{"href":"https:\/\/sereneki.fr\/index.php?rest_route=\/wp\/v2\/types\/page"}],"author":[{"embeddable":true,"href":"https:\/\/sereneki.fr\/index.php?rest_route=\/wp\/v2\/users\/1"}],"replies":[{"embeddable":true,"href":"https:\/\/sereneki.fr\/index.php?rest_route=%2Fwp%2Fv2%2Fcomments&post=36"}],"version-history":[{"count":19,"href":"https:\/\/sereneki.fr\/index.php?rest_route=\/wp\/v2\/pages\/36\/revisions"}],"predecessor-version":[{"id":209,"href":"https:\/\/sereneki.fr\/index.php?rest_route=\/wp\/v2\/pages\/36\/revisions\/209"}],"wp:attachment":[{"href":"https:\/\/sereneki.fr\/index.php?rest_route=%2Fwp%2Fv2%2Fmedia&parent=36"}],"curies":[{"name":"wp","href":"https:\/\/api.w.org\/{rel}","templated":true}]}}