{"id":38,"date":"2026-02-11T12:56:02","date_gmt":"2026-02-11T12:56:02","guid":{"rendered":"https:\/\/sereneki.fr\/?page_id=38"},"modified":"2026-04-11T07:52:36","modified_gmt":"2026-04-11T07:52:36","slug":"a-propos-de-moi","status":"publish","type":"page","link":"https:\/\/sereneki.fr\/?page_id=38","title":{"rendered":"A propos de Moi"},"content":{"rendered":"\t\t<div data-elementor-type=\"wp-page\" data-elementor-id=\"38\" class=\"elementor elementor-38\">\n\t\t\t\t<div class=\"elementor-element elementor-element-25c2c4a e-flex e-con-boxed e-con e-parent\" data-id=\"25c2c4a\" data-element_type=\"container\" data-e-type=\"container\">\n\t\t\t\t\t<div class=\"e-con-inner\">\n\t\t\t\t<div class=\"elementor-element elementor-element-cf4a24d elementor-widget elementor-widget-text-editor\" data-id=\"cf4a24d\" data-element_type=\"widget\" data-e-type=\"widget\" data-widget_type=\"text-editor.default\">\n\t\t\t\t\t\t\t\t\t<p>\u00a0\u00ab\u00a0PASSIONN\u00c9E PAR LES CHEVAUX DEPUIS TOUTE PETITE, PARTICULI\u00c8REMENT LES SOINS ET<br \/>L\u2019AM\u00c9LIORATION DE LEUR BIEN-\u00caTRE, LEUR \u00c9DUCATION ET L\u2019\u00c9THOLOGIE \u00c9QUINE, C\u2019EST TOUT<br \/>NATURELLEMENT QUE JE SOUHAITES TRAVAILLER AUPR\u00c8S D\u2019EUX.\u00a0\u00bb\u00a0<\/p>\t\t\t\t\t\t\t\t<\/div>\n\t\t\t\t<div class=\"elementor-element elementor-element-e8048be elementor-widget elementor-widget-heading\" data-id=\"e8048be\" data-element_type=\"widget\" data-e-type=\"widget\" data-widget_type=\"heading.default\">\n\t\t\t\t\t<h2 class=\"elementor-heading-title elementor-size-default\">Mon Parcours<\/h2>\t\t\t\t<\/div>\n\t\t\t\t<div class=\"elementor-element elementor-element-ff8ae44 elementor-widget elementor-widget-text-editor\" data-id=\"ff8ae44\" data-element_type=\"widget\" data-e-type=\"widget\" data-widget_type=\"text-editor.default\">\n\t\t\t\t\t\t\t\t\t<p>Je suis Manon Collet, 36 ans, mari\u00e9e et maman de deux gar\u00e7ons. Apres, une carri\u00e8re dans le milieu hospitalier principalement, en tant qu&rsquo;Auxiliaire de Pu\u00e9riculture, je me suis reconvertie professionnellement en 2025.\u00a0<\/p><p>Cavali\u00e8re et propri\u00e9taire depuis plus de 25 ans, j\u2019ai mes trois chevaux \u00e0 la maison, j&rsquo;ai toujours gravit\u00e9 dans le domaine \u00e9questre et je n&rsquo;ai cess\u00e9 d&rsquo;\u00e9voluer et d&rsquo;apprendre en tant que cavali\u00e8re et propri\u00e9taire de chevaux.\u00a0<\/p><p>J\u2019ai un dipl\u00f4me BEP Conduites de productions Animales (option \u00e9levage \u00e9quin), une certification de phytoth\u00e9rapie \u00e9quine et je suis en cours de formation de Comportementaliste \u00e9quin.<\/p><p>J\u2019ai c\u00f4toy\u00e9 de nombreux chevaux au fil de mes stages et exp\u00e9riences personnelles, ce qui m\u2019a permis d&rsquo;apprendre \u00e0 lire et comprendre leurs signaux corporels, les diff\u00e9rentes m\u00e9thodes d\u2019apprentissage, leurs interactions et bien \u00e9videmment d\u2019\u00eatre capable de les g\u00e9rer au quotidien avec tout ce que cela implique.<\/p><p>Ma longue exp\u00e9rience dans le domaine de la\u00a0 petite enfance et le milieu hospitalier, m&rsquo;a permise d\u2019acqu\u00e9rir une grande capacit\u00e9 d\u2019\u00e9coute, d\u2019empathie et de p\u00e9dagogie, qualit\u00e9s largement transposables dans ma nouvelle activit\u00e9.<\/p>\t\t\t\t\t\t\t\t<\/div>\n\t\t\t\t<div class=\"elementor-element elementor-element-f350f6a elementor-widget elementor-widget-heading\" data-id=\"f350f6a\" data-element_type=\"widget\" data-e-type=\"widget\" data-widget_type=\"heading.default\">\n\t\t\t\t\t<h2 class=\"elementor-heading-title elementor-size-default\">Le D\u00e9clic<\/h2>\t\t\t\t<\/div>\n\t\t\t\t<div class=\"elementor-element elementor-element-c025a67 elementor-widget elementor-widget-text-editor\" data-id=\"c025a67\" data-element_type=\"widget\" data-e-type=\"widget\" data-widget_type=\"text-editor.default\">\n\t\t\t\t\t\t\t\t\t<p>J&rsquo;ai achet\u00e9 un jeune cheval en 2023, il \u00e9tait alors ag\u00e9 de tout juste un an. J&rsquo;avais l&rsquo;envie de cr\u00e9er une relation unique avec mon cheval, de pouvoir le voir grandir, \u00e9voluer et l&rsquo;\u00e9duquer moi-m\u00eame.<\/p><p>On reve tous de cette relation presque fusionnelle avec notre cheval, o\u00f9 l&rsquo;on se comprend presque sans rien dire. Je souhaitais le meilleur pour lui, pour nous, en prenant le temps de le laisser grandir et lui apprendre son m\u00e9tier de cheval en douceur.\u00a0<\/p><p>J&rsquo;ai commenc\u00e9 \u00e0 le manipuler, le travailler \u00e0 pied et je me suis vite rendue compte que c&rsquo;\u00e9tait beaucoup moins simple qu&rsquo;il n&rsquo;y parait et que mon cheval \u00e9tait tr\u00e8s r\u00e9actif, stress\u00e9 et impr\u00e9visible.<\/p><p>Je me suis retrouv\u00e9 avec de vrais difficult\u00e9s de compr\u00e9hension avec lui. Je me renseignais pourtant beaucoup, j&rsquo;ai achet\u00e9 des livres, des vid\u00e9os&#8230; Et pourtant, j&rsquo;avais l&rsquo;impression de passer \u00e0 cot\u00e9 de quelque chose, de mal faire&#8230;<\/p><p>Je me suis sentie d\u00e9munie face \u00e0 ses r\u00e9actions et il m\u2019a \u00e9t\u00e9 difficile de trouver des informations claires ou des ressources p\u00e9dagogiques pour m\u2019aider. <br \/>C\u2019est ce qui m\u2019a pouss\u00e9 \u00e0 me former par moi-m\u00eame, \u00e0 enrichir mes connaissances afin de trouver des solutions pour am\u00e9liorer notre communication et aider mon cheval \u00e0 comprendre l\u2019Humain et ses demandes.<\/p><p>Aujourd\u2019hui, je veux aider \u00e0 mon tour des personnes qui se trouvent dans la m\u00eame situation dans laquelle j\u2019ai pu \u00eatre, qui sont en difficult\u00e9 et se sentent perdus. <br \/>Je souhaite les aider a mieux comprendre et interagir avec leur compagnon et aider au mieux le cheval \u00e0 retrouver s\u00e9r\u00e9nit\u00e9 et bien-\u00eatre.<\/p>\t\t\t\t\t\t\t\t<\/div>\n\t\t\t\t<div class=\"elementor-element elementor-element-250bb90 elementor-widget elementor-widget-image\" data-id=\"250bb90\" data-element_type=\"widget\" data-e-type=\"widget\" data-widget_type=\"image.default\">\n\t\t\t\t\t\t\t\t\t\t\t\t\t\t\t<img fetchpriority=\"high\" decoding=\"async\" width=\"768\" height=\"1152\" src=\"https:\/\/sereneki.fr\/wp-content\/uploads\/2026\/02\/MG_0233-768x1152.jpg\" class=\"attachment-medium_large size-medium_large wp-image-72\" alt=\"\" srcset=\"https:\/\/sereneki.fr\/wp-content\/uploads\/2026\/02\/MG_0233-768x1152.jpg 768w, https:\/\/sereneki.fr\/wp-content\/uploads\/2026\/02\/MG_0233-200x300.jpg 200w, https:\/\/sereneki.fr\/wp-content\/uploads\/2026\/02\/MG_0233-683x1024.jpg 683w, https:\/\/sereneki.fr\/wp-content\/uploads\/2026\/02\/MG_0233-1024x1536.jpg 1024w, https:\/\/sereneki.fr\/wp-content\/uploads\/2026\/02\/MG_0233-1365x2048.jpg 1365w, https:\/\/sereneki.fr\/wp-content\/uploads\/2026\/02\/MG_0233-scaled.jpg 1707w\" sizes=\"(max-width: 768px) 100vw, 768px\" \/>\t\t\t\t\t\t\t\t\t\t\t\t\t\t\t<\/div>\n\t\t\t\t<div class=\"elementor-element elementor-element-f85e0b1 elementor-widget elementor-widget-text-editor\" data-id=\"f85e0b1\" data-element_type=\"widget\" data-e-type=\"widget\" data-widget_type=\"text-editor.default\">\n\t\t\t\t\t\t\t\t\t<p>\u00a0cr\u00e9dit photo @Emilia Fortannier<\/p>\t\t\t\t\t\t\t\t<\/div>\n\t\t\t\t\t<\/div>\n\t\t\t\t<\/div>\n\t\t\t\t<\/div>\n\t\t","protected":false},"excerpt":{"rendered":"<p>\u00a0\u00ab\u00a0PASSIONN\u00c9E PAR LES CHEVAUX DEPUIS TOUTE PETITE, PARTICULI\u00c8REMENT LES SOINS ETL\u2019AM\u00c9LIORATION DE LEUR BIEN-\u00caTRE, LEUR \u00c9DUCATION ET L\u2019\u00c9THOLOGIE \u00c9QUINE, C\u2019EST [&hellip;]<\/p>\n","protected":false},"author":1,"featured_media":0,"parent":0,"menu_order":0,"comment_status":"closed","ping_status":"closed","template":"","meta":{"site-sidebar-layout":"no-sidebar","site-content-layout":"","ast-site-content-layout":"full-width-container","site-content-style":"default","site-sidebar-style":"default","ast-global-header-display":"","ast-banner-title-visibility":"","ast-main-header-display":"","ast-hfb-above-header-display":"","ast-hfb-below-header-display":"","ast-hfb-mobile-header-display":"","site-post-title":"","ast-breadcrumbs-content":"","ast-featured-img":"disabled","footer-sml-layout":"","ast-disable-related-posts":"","theme-transparent-header-meta":"","adv-header-id-meta":"","stick-header-meta":"","header-above-stick-meta":"","header-main-stick-meta":"","header-below-stick-meta":"","astra-migrate-meta-layouts":"default","ast-page-background-enabled":"default","ast-page-background-meta":{"desktop":{"background-color":"var(--ast-global-color-5)","background-image":"","background-repeat":"repeat","background-position":"center center","background-size":"auto","background-attachment":"scroll","background-type":"","background-media":"","overlay-type":"","overlay-color":"","overlay-opacity":"","overlay-gradient":""},"tablet":{"background-color":"","background-image":"","background-repeat":"repeat","background-position":"center center","background-size":"auto","background-attachment":"scroll","background-type":"","background-media":"","overlay-type":"","overlay-color":"","overlay-opacity":"","overlay-gradient":""},"mobile":{"background-color":"","background-image":"","background-repeat":"repeat","background-position":"center center","background-size":"auto","background-attachment":"scroll","background-type":"","background-media":"","overlay-type":"","overlay-color":"","overlay-opacity":"","overlay-gradient":""}},"ast-content-background-meta":{"desktop":{"background-color":"var(--ast-global-color-4)","background-image":"","background-repeat":"repeat","background-position":"center center","background-size":"auto","background-attachment":"scroll","background-type":"","background-media":"","overlay-type":"","overlay-color":"","overlay-opacity":"","overlay-gradient":""},"tablet":{"background-color":"var(--ast-global-color-4)","background-image":"","background-repeat":"repeat","background-position":"center center","background-size":"auto","background-attachment":"scroll","background-type":"","background-media":"","overlay-type":"","overlay-color":"","overlay-opacity":"","overlay-gradient":""},"mobile":{"background-color":"var(--ast-global-color-4)","background-image":"","background-repeat":"repeat","background-position":"center center","background-size":"auto","background-attachment":"scroll","background-type":"","background-media":"","overlay-type":"","overlay-color":"","overlay-opacity":"","overlay-gradient":""}},"footnotes":""},"class_list":["post-38","page","type-page","status-publish","hentry"],"_links":{"self":[{"href":"https:\/\/sereneki.fr\/index.php?rest_route=\/wp\/v2\/pages\/38","targetHints":{"allow":["GET"]}}],"collection":[{"href":"https:\/\/sereneki.fr\/index.php?rest_route=\/wp\/v2\/pages"}],"about":[{"href":"https:\/\/sereneki.fr\/index.php?rest_route=\/wp\/v2\/types\/page"}],"author":[{"embeddable":true,"href":"https:\/\/sereneki.fr\/index.php?rest_route=\/wp\/v2\/users\/1"}],"replies":[{"embeddable":true,"href":"https:\/\/sereneki.fr\/index.php?rest_route=%2Fwp%2Fv2%2Fcomments&post=38"}],"version-history":[{"count":13,"href":"https:\/\/sereneki.fr\/index.php?rest_route=\/wp\/v2\/pages\/38\/revisions"}],"predecessor-version":[{"id":213,"href":"https:\/\/sereneki.fr\/index.php?rest_route=\/wp\/v2\/pages\/38\/revisions\/213"}],"wp:attachment":[{"href":"https:\/\/sereneki.fr\/index.php?rest_route=%2Fwp%2Fv2%2Fmedia&parent=38"}],"curies":[{"name":"wp","href":"https:\/\/api.w.org\/{rel}","templated":true}]}}